{"id":2692,"date":"2025-10-21T17:04:25","date_gmt":"2025-10-21T22:04:25","guid":{"rendered":"https:\/\/alianzajambato.org\/producto\/termo-jambato\/"},"modified":"2025-11-18T20:11:22","modified_gmt":"2025-11-19T01:11:22","slug":"termo-jambato","status":"publish","type":"product","link":"https:\/\/alianzajambato.org\/en\/product\/termo-jambato\/","title":{"rendered":"Jambato Thermos"},"content":{"rendered":"<p>Termo de acero inoxidable tipo Stanley 1,2 L, libre de BPA. Mantiene temperaturas hasta 24 horas.<\/p>","protected":false},"excerpt":{"rendered":"<p>Stanley-style 1.2 L thermos with double wall. Up to 24 h.<\/p>","protected":false},"featured_media":3316,"comment_status":"open","ping_status":"closed","template":"","meta":{"_et_pb_use_builder":"","_et_pb_old_content":"","_et_gb_content_width":""},"product_brand":[],"product_cat":[36],"product_tag":[],"class_list":{"0":"post-2692","1":"product","2":"type-product","3":"status-publish","4":"has-post-thumbnail","6":"product_cat-termos","8":"first","9":"instock","10":"taxable","11":"shipping-taxable","12":"purchasable","13":"product-type-simple"},"yoast_head":"<!-- This site is optimized with the Yoast SEO plugin v25.5 - https:\/\/yoast.com\/wordpress\/plugins\/seo\/ -->\n<title>Termo Jambato | Alianza Jambato<\/title>\n<meta name=\"robots\" content=\"index, follow, max-snippet:-1, max-image-preview:large, max-video-preview:-1\" \/>\n<link rel=\"canonical\" href=\"https:\/\/alianzajambato.org\/en\/product\/termo-jambato\/\" \/>\n<meta property=\"og:locale\" content=\"en_US\" \/>\n<meta property=\"og:type\" content=\"article\" \/>\n<meta property=\"og:title\" content=\"Termo Jambato | Alianza Jambato\" \/>\n<meta property=\"og:description\" content=\"Termo tipo Stanley 1,2 L con doble pared. Hasta 24 h.\" \/>\n<meta property=\"og:url\" content=\"https:\/\/alianzajambato.org\/en\/product\/termo-jambato\/\" \/>\n<meta property=\"og:site_name\" content=\"Alianza Jambato\" \/>\n<meta property=\"article:publisher\" content=\"https:\/\/web.facebook.com\/alianzajambato\" \/>\n<meta property=\"article:modified_time\" content=\"2025-11-19T01:11:22+00:00\" \/>\n<meta property=\"og:image\" content=\"https:\/\/alianzajambato.org\/wp-content\/uploads\/2025\/10\/8.png\" \/>\n\t<meta property=\"og:image:width\" content=\"1200\" \/>\n\t<meta property=\"og:image:height\" content=\"1200\" \/>\n\t<meta property=\"og:image:type\" content=\"image\/png\" \/>\n<meta name=\"twitter:card\" content=\"summary_large_image\" \/>\n<meta name=\"twitter:site\" content=\"@AlianzaJambato\" \/>\n<meta name=\"twitter:label1\" content=\"Est. reading time\" \/>\n\t<meta name=\"twitter:data1\" content=\"1 minute\" \/>\n<script type=\"application\/ld+json\" class=\"yoast-schema-graph\">{\"@context\":\"https:\/\/schema.org\",\"@graph\":[{\"@type\":\"WebPage\",\"@id\":\"https:\/\/alianzajambato.org\/producto\/termo-jambato\/\",\"url\":\"https:\/\/alianzajambato.org\/producto\/termo-jambato\/\",\"name\":\"Termo Jambato | Alianza Jambato\",\"isPartOf\":{\"@id\":\"https:\/\/alianzajambato.org\/#website\"},\"primaryImageOfPage\":{\"@id\":\"https:\/\/alianzajambato.org\/producto\/termo-jambato\/#primaryimage\"},\"image\":{\"@id\":\"https:\/\/alianzajambato.org\/producto\/termo-jambato\/#primaryimage\"},\"thumbnailUrl\":\"https:\/\/alianzajambato.org\/wp-content\/uploads\/2025\/10\/8.png\",\"datePublished\":\"2025-10-21T22:04:25+00:00\",\"dateModified\":\"2025-11-19T01:11:22+00:00\",\"breadcrumb\":{\"@id\":\"https:\/\/alianzajambato.org\/producto\/termo-jambato\/#breadcrumb\"},\"inLanguage\":\"en-US\",\"potentialAction\":[{\"@type\":\"ReadAction\",\"target\":[\"https:\/\/alianzajambato.org\/producto\/termo-jambato\/\"]}]},{\"@type\":\"ImageObject\",\"inLanguage\":\"en-US\",\"@id\":\"https:\/\/alianzajambato.org\/producto\/termo-jambato\/#primaryimage\",\"url\":\"https:\/\/alianzajambato.org\/wp-content\/uploads\/2025\/10\/8.png\",\"contentUrl\":\"https:\/\/alianzajambato.org\/wp-content\/uploads\/2025\/10\/8.png\",\"width\":1200,\"height\":1200},{\"@type\":\"BreadcrumbList\",\"@id\":\"https:\/\/alianzajambato.org\/producto\/termo-jambato\/#breadcrumb\",\"itemListElement\":[{\"@type\":\"ListItem\",\"position\":1,\"name\":\"Portada\",\"item\":\"https:\/\/alianzajambato.org\/\"},{\"@type\":\"ListItem\",\"position\":2,\"name\":\"Tienda\",\"item\":\"https:\/\/alianzajambato.org\/tienda\/\"},{\"@type\":\"ListItem\",\"position\":3,\"name\":\"Termo Jambato\"}]},{\"@type\":\"WebSite\",\"@id\":\"https:\/\/alianzajambato.org\/#website\",\"url\":\"https:\/\/alianzajambato.org\/\",\"name\":\"Alianza Jambato\",\"description\":\"Fundaci\u00f3n ecuatoriana dedicada a la conservaci\u00f3n de la rana jambato y otras especies amenazadas mediante investigaci\u00f3n, educaci\u00f3n y acci\u00f3n comunitaria.\",\"publisher\":{\"@id\":\"https:\/\/alianzajambato.org\/#organization\"},\"potentialAction\":[{\"@type\":\"SearchAction\",\"target\":{\"@type\":\"EntryPoint\",\"urlTemplate\":\"https:\/\/alianzajambato.org\/?s={search_term_string}\"},\"query-input\":{\"@type\":\"PropertyValueSpecification\",\"valueRequired\":true,\"valueName\":\"search_term_string\"}}],\"inLanguage\":\"en-US\"},{\"@type\":\"Organization\",\"@id\":\"https:\/\/alianzajambato.org\/#organization\",\"name\":\"Alianza Jambato\",\"url\":\"https:\/\/alianzajambato.org\/\",\"logo\":{\"@type\":\"ImageObject\",\"inLanguage\":\"en-US\",\"@id\":\"https:\/\/alianzajambato.org\/#\/schema\/logo\/image\/\",\"url\":\"https:\/\/alianzajambato.org\/wp-content\/uploads\/2025\/07\/Logo_Alianza-Jambato-1.png\",\"contentUrl\":\"https:\/\/alianzajambato.org\/wp-content\/uploads\/2025\/07\/Logo_Alianza-Jambato-1.png\",\"width\":1081,\"height\":1080,\"caption\":\"Alianza Jambato\"},\"image\":{\"@id\":\"https:\/\/alianzajambato.org\/#\/schema\/logo\/image\/\"},\"sameAs\":[\"https:\/\/web.facebook.com\/alianzajambato\",\"https:\/\/x.com\/AlianzaJambato\",\"https:\/\/www.instagram.com\/alianzajambato\/\",\"https:\/\/www.tiktok.com\/@alianza.jambato\",\"https:\/\/www.youtube.com\/@alianzajambato2019?si=cHnDRbZLrWJtJKHd\"]}]}<\/script>\n<!-- \/ Yoast SEO plugin. -->","yoast_head_json":{"title":"Termo Jambato | Alianza Jambato","robots":{"index":"index","follow":"follow","max-snippet":"max-snippet:-1","max-image-preview":"max-image-preview:large","max-video-preview":"max-video-preview:-1"},"canonical":"https:\/\/alianzajambato.org\/en\/product\/termo-jambato\/","og_locale":"en_US","og_type":"article","og_title":"Termo Jambato | Alianza Jambato","og_description":"Termo tipo Stanley 1,2 L con doble pared. Hasta 24 h.","og_url":"https:\/\/alianzajambato.org\/en\/product\/termo-jambato\/","og_site_name":"Alianza Jambato","article_publisher":"https:\/\/web.facebook.com\/alianzajambato","article_modified_time":"2025-11-19T01:11:22+00:00","og_image":[{"width":1200,"height":1200,"url":"https:\/\/alianzajambato.org\/wp-content\/uploads\/2025\/10\/8.png","type":"image\/png"}],"twitter_card":"summary_large_image","twitter_site":"@AlianzaJambato","twitter_misc":{"Est. reading time":"1 minute"},"schema":{"@context":"https:\/\/schema.org","@graph":[{"@type":"WebPage","@id":"https:\/\/alianzajambato.org\/producto\/termo-jambato\/","url":"https:\/\/alianzajambato.org\/producto\/termo-jambato\/","name":"Termo Jambato | Alianza Jambato","isPartOf":{"@id":"https:\/\/alianzajambato.org\/#website"},"primaryImageOfPage":{"@id":"https:\/\/alianzajambato.org\/producto\/termo-jambato\/#primaryimage"},"image":{"@id":"https:\/\/alianzajambato.org\/producto\/termo-jambato\/#primaryimage"},"thumbnailUrl":"https:\/\/alianzajambato.org\/wp-content\/uploads\/2025\/10\/8.png","datePublished":"2025-10-21T22:04:25+00:00","dateModified":"2025-11-19T01:11:22+00:00","breadcrumb":{"@id":"https:\/\/alianzajambato.org\/producto\/termo-jambato\/#breadcrumb"},"inLanguage":"en-US","potentialAction":[{"@type":"ReadAction","target":["https:\/\/alianzajambato.org\/producto\/termo-jambato\/"]}]},{"@type":"ImageObject","inLanguage":"en-US","@id":"https:\/\/alianzajambato.org\/producto\/termo-jambato\/#primaryimage","url":"https:\/\/alianzajambato.org\/wp-content\/uploads\/2025\/10\/8.png","contentUrl":"https:\/\/alianzajambato.org\/wp-content\/uploads\/2025\/10\/8.png","width":1200,"height":1200},{"@type":"BreadcrumbList","@id":"https:\/\/alianzajambato.org\/producto\/termo-jambato\/#breadcrumb","itemListElement":[{"@type":"ListItem","position":1,"name":"Portada","item":"https:\/\/alianzajambato.org\/"},{"@type":"ListItem","position":2,"name":"Tienda","item":"https:\/\/alianzajambato.org\/tienda\/"},{"@type":"ListItem","position":3,"name":"Termo Jambato"}]},{"@type":"WebSite","@id":"https:\/\/alianzajambato.org\/#website","url":"https:\/\/alianzajambato.org\/","name":"Alianza Jambato","description":"Fundaci\u00f3n ecuatoriana dedicada a la conservaci\u00f3n de la rana jambato y otras especies amenazadas mediante investigaci\u00f3n, educaci\u00f3n y acci\u00f3n comunitaria.","publisher":{"@id":"https:\/\/alianzajambato.org\/#organization"},"potentialAction":[{"@type":"SearchAction","target":{"@type":"EntryPoint","urlTemplate":"https:\/\/alianzajambato.org\/?s={search_term_string}"},"query-input":{"@type":"PropertyValueSpecification","valueRequired":true,"valueName":"search_term_string"}}],"inLanguage":"en-US"},{"@type":"Organization","@id":"https:\/\/alianzajambato.org\/#organization","name":"Alianza Jambato","url":"https:\/\/alianzajambato.org\/","logo":{"@type":"ImageObject","inLanguage":"en-US","@id":"https:\/\/alianzajambato.org\/#\/schema\/logo\/image\/","url":"https:\/\/alianzajambato.org\/wp-content\/uploads\/2025\/07\/Logo_Alianza-Jambato-1.png","contentUrl":"https:\/\/alianzajambato.org\/wp-content\/uploads\/2025\/07\/Logo_Alianza-Jambato-1.png","width":1081,"height":1080,"caption":"Alianza Jambato"},"image":{"@id":"https:\/\/alianzajambato.org\/#\/schema\/logo\/image\/"},"sameAs":["https:\/\/web.facebook.com\/alianzajambato","https:\/\/x.com\/AlianzaJambato","https:\/\/www.instagram.com\/alianzajambato\/","https:\/\/www.tiktok.com\/@alianza.jambato","https:\/\/www.youtube.com\/@alianzajambato2019?si=cHnDRbZLrWJtJKHd"]}]}},"_links":{"self":[{"href":"https:\/\/alianzajambato.org\/en\/wp-json\/wp\/v2\/product\/2692","targetHints":{"allow":["GET"]}}],"collection":[{"href":"https:\/\/alianzajambato.org\/en\/wp-json\/wp\/v2\/product"}],"about":[{"href":"https:\/\/alianzajambato.org\/en\/wp-json\/wp\/v2\/types\/product"}],"replies":[{"embeddable":true,"href":"https:\/\/alianzajambato.org\/en\/wp-json\/wp\/v2\/comments?post=2692"}],"wp:featuredmedia":[{"embeddable":true,"href":"https:\/\/alianzajambato.org\/en\/wp-json\/wp\/v2\/media\/3316"}],"wp:attachment":[{"href":"https:\/\/alianzajambato.org\/en\/wp-json\/wp\/v2\/media?parent=2692"}],"wp:term":[{"taxonomy":"product_brand","embeddable":true,"href":"https:\/\/alianzajambato.org\/en\/wp-json\/wp\/v2\/product_brand?post=2692"},{"taxonomy":"product_cat","embeddable":true,"href":"https:\/\/alianzajambato.org\/en\/wp-json\/wp\/v2\/product_cat?post=2692"},{"taxonomy":"product_tag","embeddable":true,"href":"https:\/\/alianzajambato.org\/en\/wp-json\/wp\/v2\/product_tag?post=2692"}],"curies":[{"name":"wp","href":"https:\/\/api.w.org\/{rel}","templated":true}]}}